{"id":1402,"date":"2025-06-11T10:51:17","date_gmt":"2025-06-11T10:51:17","guid":{"rendered":"https:\/\/grace-restaurant.de\/imprint\/"},"modified":"2025-06-12T21:47:23","modified_gmt":"2025-06-12T21:47:23","slug":"imprint","status":"publish","type":"page","link":"https:\/\/grace-restaurant.de\/en\/imprint\/","title":{"rendered":"IMPRINT"},"content":{"rendered":"<p>[et_pb_section fb_built=&#8221;1&#8243; _builder_version=&#8221;4.27.4&#8243; _module_preset=&#8221;default&#8221; use_background_color_gradient=&#8221;on&#8221; background_color_gradient_stops=&#8221;rgba(0,0,0,0.5) 0%|rgba(0,0,0,0.5) 100%&#8221; background_color_gradient_overlays_image=&#8221;on&#8221; background_image=&#8221;http:\/\/grace-restaurant.de\/wp-content\/uploads\/2025\/06\/Grace-Restaurant-Bar-03.11.2016-Offenblende-14.jpg&#8221; custom_padding=&#8221;6%||6%||true|false&#8221; global_colors_info=&#8221;{}&#8221; theme_builder_area=&#8221;post_content&#8221;][et_pb_row _builder_version=&#8221;4.20.4&#8243; _module_preset=&#8221;default&#8221; global_colors_info=&#8221;{}&#8221; theme_builder_area=&#8221;post_content&#8221;][et_pb_column type=&#8221;4_4&#8243; _builder_version=&#8221;4.20.4&#8243; _module_preset=&#8221;default&#8221; global_colors_info=&#8221;{}&#8221; theme_builder_area=&#8221;post_content&#8221;][et_pb_text _builder_version=&#8221;4.20.4&#8243; _dynamic_attributes=&#8221;content&#8221; _module_preset=&#8221;default&#8221; text_orientation=&#8221;center&#8221; background_layout=&#8221;dark&#8221; global_colors_info=&#8221;{}&#8221; theme_builder_area=&#8221;post_content&#8221;]@ET-DC@eyJkeW5hbWljIjp0cnVlLCJjb250ZW50IjoicG9zdF90aXRsZSIsInNldHRpbmdzIjp7ImJlZm9yZSI6IjxoMT4iLCJhZnRlciI6IjwvaDE+IiwiZW5hYmxlX2h0bWwiOiJvZmYifX0=@[\/et_pb_text][\/et_pb_column][\/et_pb_row][\/et_pb_section][et_pb_section fb_built=&#8221;1&#8243; _builder_version=&#8221;4.21.0&#8243; _module_preset=&#8221;default&#8221; background_color=&#8221;RGBA(255,255,255,0)&#8221; global_colors_info=&#8221;{}&#8221; theme_builder_area=&#8221;post_content&#8221;][et_pb_row _builder_version=&#8221;4.20.4&#8243; _module_preset=&#8221;default&#8221; global_colors_info=&#8221;{}&#8221; theme_builder_area=&#8221;post_content&#8221; custom_padding=&#8221;40px|||||&#8221;][et_pb_column type=&#8221;4_4&#8243; _builder_version=&#8221;4.20.4&#8243; _module_preset=&#8221;default&#8221; global_colors_info=&#8221;{}&#8221; theme_builder_area=&#8221;post_content&#8221;][et_pb_text _builder_version=&#8221;4.27.4&#8243; _module_preset=&#8221;default&#8221; custom_margin=&#8221;||40px||false|false&#8221; hover_enabled=&#8221;0&#8243; global_colors_info=&#8221;{}&#8221; theme_builder_area=&#8221;post_content&#8221; sticky_enabled=&#8221;0&#8243;]<\/p>\n<p style=\"text-align: center;\">HOTEL ZOO BERLIN Betriebs GmbH<br \/>Kurf\u00fcrstendamm 25<br \/>10719 Berlin\/Germany<\/p>\n<p style=\"text-align: center;\">P: +49 (0)30 884 37 0<br \/>F: +49 (0)30 884 37 829<\/p>\n<p style=\"text-align: center;\">info@hotelzoo.de<\/p>\n<p style=\"text-align: center;\">Managing Owner: Manfred Weing\u00e4rtner<br \/>CEO: Manfred Weing\u00e4rtner, Robert H\u00fcbner<\/p>\n<p style=\"text-align: center;\">AG Berlin Charlottenburg HRB 28 287<\/p>\n<p style=\"text-align: center;\">VAT ID: DE136716163<\/p>\n<p>[\/et_pb_text][\/et_pb_column][\/et_pb_row][\/et_pb_section]<\/p>\n","protected":false},"excerpt":{"rendered":"<p>HOTEL ZOO BERLIN Betriebs GmbHKurf\u00fcrstendamm 2510719 Berlin\/Germany P: +49 (0)30 884 37 0F: +49 (0)30 884 37 829 info@hotelzoo.de Managing Owner: Manfred Weing\u00e4rtnerCEO: Manfred Weing\u00e4rtner, Robert H\u00fcbner AG Berlin Charlottenburg HRB 28 287 VAT ID: DE136716163<\/p>\n","protected":false},"author":1,"featured_media":0,"parent":0,"menu_order":0,"comment_status":"closed","ping_status":"closed","template":"","meta":{"_et_pb_use_builder":"on","_et_pb_old_content":"","_et_gb_content_width":"","_monsterinsights_skip_tracking":false,"_monsterinsights_sitenote_active":false,"_monsterinsights_sitenote_note":"","_monsterinsights_sitenote_category":0,"footnotes":""},"class_list":["post-1402","page","type-page","status-publish","hentry"],"aioseo_notices":[],"_links":{"self":[{"href":"https:\/\/grace-restaurant.de\/en\/wp-json\/wp\/v2\/pages\/1402","targetHints":{"allow":["GET"]}}],"collection":[{"href":"https:\/\/grace-restaurant.de\/en\/wp-json\/wp\/v2\/pages"}],"about":[{"href":"https:\/\/grace-restaurant.de\/en\/wp-json\/wp\/v2\/types\/page"}],"author":[{"embeddable":true,"href":"https:\/\/grace-restaurant.de\/en\/wp-json\/wp\/v2\/users\/1"}],"replies":[{"embeddable":true,"href":"https:\/\/grace-restaurant.de\/en\/wp-json\/wp\/v2\/comments?post=1402"}],"version-history":[{"count":2,"href":"https:\/\/grace-restaurant.de\/en\/wp-json\/wp\/v2\/pages\/1402\/revisions"}],"predecessor-version":[{"id":1408,"href":"https:\/\/grace-restaurant.de\/en\/wp-json\/wp\/v2\/pages\/1402\/revisions\/1408"}],"wp:attachment":[{"href":"https:\/\/grace-restaurant.de\/en\/wp-json\/wp\/v2\/media?parent=1402"}],"curies":[{"name":"wp","href":"https:\/\/api.w.org\/{rel}","templated":true}]}}